{"id":42,"date":"2025-11-19T19:41:56","date_gmt":"2025-11-19T19:41:56","guid":{"rendered":"https:\/\/imoradadosol.com.br\/blog\/?page_id=42"},"modified":"2025-11-19T19:41:56","modified_gmt":"2025-11-19T19:41:56","slug":"home","status":"publish","type":"page","link":"https:\/\/imoradadosol.com.br\/blog\/home\/","title":{"rendered":"Home"},"content":{"rendered":"","protected":false},"excerpt":{"rendered":"","protected":false},"author":1,"featured_media":0,"parent":0,"menu_order":0,"comment_status":"closed","ping_status":"closed","template":"templates\/template-homepage.php","meta":{"footnotes":""},"class_list":["post-42","page","type-page","status-publish","hentry"],"yoast_head":"<!-- This site is optimized with the Yoast SEO plugin v26.4 - https:\/\/yoast.com\/wordpress\/plugins\/seo\/ -->\n<title>Home - Blog Imobili\u00e1ria Morada do Sol<\/title>\n<meta name=\"robots\" content=\"index, follow, max-snippet:-1, max-image-preview:large, max-video-preview:-1\" \/>\n<link rel=\"canonical\" href=\"https:\/\/imoradadosol.com.br\/blog\/home\/\" \/>\n<meta property=\"og:locale\" content=\"pt_BR\" \/>\n<meta property=\"og:type\" content=\"article\" \/>\n<meta property=\"og:title\" content=\"Home - Blog Imobili\u00e1ria Morada do Sol\" \/>\n<meta property=\"og:url\" content=\"https:\/\/imoradadosol.com.br\/blog\/home\/\" \/>\n<meta property=\"og:site_name\" content=\"Blog Imobili\u00e1ria Morada do Sol\" \/>\n<meta name=\"twitter:card\" content=\"summary_large_image\" \/>\n<script type=\"application\/ld+json\" class=\"yoast-schema-graph\">{\"@context\":\"https:\/\/schema.org\",\"@graph\":[{\"@type\":\"WebPage\",\"@id\":\"https:\/\/imoradadosol.com.br\/blog\/home\/\",\"url\":\"https:\/\/imoradadosol.com.br\/blog\/home\/\",\"name\":\"Home - Blog Imobili\u00e1ria Morada do Sol\",\"isPartOf\":{\"@id\":\"https:\/\/imoradadosol.com.br\/blog\/#website\"},\"datePublished\":\"2025-11-19T19:41:56+00:00\",\"breadcrumb\":{\"@id\":\"https:\/\/imoradadosol.com.br\/blog\/home\/#breadcrumb\"},\"inLanguage\":\"pt-BR\",\"potentialAction\":[{\"@type\":\"ReadAction\",\"target\":[\"https:\/\/imoradadosol.com.br\/blog\/home\/\"]}]},{\"@type\":\"BreadcrumbList\",\"@id\":\"https:\/\/imoradadosol.com.br\/blog\/home\/#breadcrumb\",\"itemListElement\":[{\"@type\":\"ListItem\",\"position\":1,\"name\":\"In\u00edcio\",\"item\":\"https:\/\/imoradadosol.com.br\/blog\/\"},{\"@type\":\"ListItem\",\"position\":2,\"name\":\"Home\"}]},{\"@type\":\"WebSite\",\"@id\":\"https:\/\/imoradadosol.com.br\/blog\/#website\",\"url\":\"https:\/\/imoradadosol.com.br\/blog\/\",\"name\":\"Blog Imobili\u00e1ria Morada do Sol\",\"description\":\"Tudo sobre Maring\u00e1 e seu Mercado imobili\u00e1rio \u00e9 na Morada do Sol\",\"publisher\":{\"@id\":\"https:\/\/imoradadosol.com.br\/blog\/#organization\"},\"potentialAction\":[{\"@type\":\"SearchAction\",\"target\":{\"@type\":\"EntryPoint\",\"urlTemplate\":\"https:\/\/imoradadosol.com.br\/blog\/?s={search_term_string}\"},\"query-input\":{\"@type\":\"PropertyValueSpecification\",\"valueRequired\":true,\"valueName\":\"search_term_string\"}}],\"inLanguage\":\"pt-BR\"},{\"@type\":\"Organization\",\"@id\":\"https:\/\/imoradadosol.com.br\/blog\/#organization\",\"name\":\"Blog Imobili\u00e1ria Morada do Sol\",\"url\":\"https:\/\/imoradadosol.com.br\/blog\/\",\"logo\":{\"@type\":\"ImageObject\",\"inLanguage\":\"pt-BR\",\"@id\":\"https:\/\/imoradadosol.com.br\/blog\/#\/schema\/logo\/image\/\",\"url\":\"https:\/\/imoradadosol.com.br\/blog\/wp-content\/uploads\/2025\/11\/cropped-LOGO-PRETA-1.png\",\"contentUrl\":\"https:\/\/imoradadosol.com.br\/blog\/wp-content\/uploads\/2025\/11\/cropped-LOGO-PRETA-1.png\",\"width\":358,\"height\":82,\"caption\":\"Blog Imobili\u00e1ria Morada do Sol\"},\"image\":{\"@id\":\"https:\/\/imoradadosol.com.br\/blog\/#\/schema\/logo\/image\/\"}}]}<\/script>\n<!-- \/ Yoast SEO plugin. -->","yoast_head_json":{"title":"Home - Blog Imobili\u00e1ria Morada do Sol","robots":{"index":"index","follow":"follow","max-snippet":"max-snippet:-1","max-image-preview":"max-image-preview:large","max-video-preview":"max-video-preview:-1"},"canonical":"https:\/\/imoradadosol.com.br\/blog\/home\/","og_locale":"pt_BR","og_type":"article","og_title":"Home - Blog Imobili\u00e1ria Morada do Sol","og_url":"https:\/\/imoradadosol.com.br\/blog\/home\/","og_site_name":"Blog Imobili\u00e1ria Morada do Sol","twitter_card":"summary_large_image","schema":{"@context":"https:\/\/schema.org","@graph":[{"@type":"WebPage","@id":"https:\/\/imoradadosol.com.br\/blog\/home\/","url":"https:\/\/imoradadosol.com.br\/blog\/home\/","name":"Home - Blog Imobili\u00e1ria Morada do Sol","isPartOf":{"@id":"https:\/\/imoradadosol.com.br\/blog\/#website"},"datePublished":"2025-11-19T19:41:56+00:00","breadcrumb":{"@id":"https:\/\/imoradadosol.com.br\/blog\/home\/#breadcrumb"},"inLanguage":"pt-BR","potentialAction":[{"@type":"ReadAction","target":["https:\/\/imoradadosol.com.br\/blog\/home\/"]}]},{"@type":"BreadcrumbList","@id":"https:\/\/imoradadosol.com.br\/blog\/home\/#breadcrumb","itemListElement":[{"@type":"ListItem","position":1,"name":"In\u00edcio","item":"https:\/\/imoradadosol.com.br\/blog\/"},{"@type":"ListItem","position":2,"name":"Home"}]},{"@type":"WebSite","@id":"https:\/\/imoradadosol.com.br\/blog\/#website","url":"https:\/\/imoradadosol.com.br\/blog\/","name":"Blog Imobili\u00e1ria Morada do Sol","description":"Tudo sobre Maring\u00e1 e seu Mercado imobili\u00e1rio \u00e9 na Morada do Sol","publisher":{"@id":"https:\/\/imoradadosol.com.br\/blog\/#organization"},"potentialAction":[{"@type":"SearchAction","target":{"@type":"EntryPoint","urlTemplate":"https:\/\/imoradadosol.com.br\/blog\/?s={search_term_string}"},"query-input":{"@type":"PropertyValueSpecification","valueRequired":true,"valueName":"search_term_string"}}],"inLanguage":"pt-BR"},{"@type":"Organization","@id":"https:\/\/imoradadosol.com.br\/blog\/#organization","name":"Blog Imobili\u00e1ria Morada do Sol","url":"https:\/\/imoradadosol.com.br\/blog\/","logo":{"@type":"ImageObject","inLanguage":"pt-BR","@id":"https:\/\/imoradadosol.com.br\/blog\/#\/schema\/logo\/image\/","url":"https:\/\/imoradadosol.com.br\/blog\/wp-content\/uploads\/2025\/11\/cropped-LOGO-PRETA-1.png","contentUrl":"https:\/\/imoradadosol.com.br\/blog\/wp-content\/uploads\/2025\/11\/cropped-LOGO-PRETA-1.png","width":358,"height":82,"caption":"Blog Imobili\u00e1ria Morada do Sol"},"image":{"@id":"https:\/\/imoradadosol.com.br\/blog\/#\/schema\/logo\/image\/"}}]}},"_links":{"self":[{"href":"https:\/\/imoradadosol.com.br\/blog\/wp-json\/wp\/v2\/pages\/42","targetHints":{"allow":["GET"]}}],"collection":[{"href":"https:\/\/imoradadosol.com.br\/blog\/wp-json\/wp\/v2\/pages"}],"about":[{"href":"https:\/\/imoradadosol.com.br\/blog\/wp-json\/wp\/v2\/types\/page"}],"author":[{"embeddable":true,"href":"https:\/\/imoradadosol.com.br\/blog\/wp-json\/wp\/v2\/users\/1"}],"replies":[{"embeddable":true,"href":"https:\/\/imoradadosol.com.br\/blog\/wp-json\/wp\/v2\/comments?post=42"}],"version-history":[{"count":0,"href":"https:\/\/imoradadosol.com.br\/blog\/wp-json\/wp\/v2\/pages\/42\/revisions"}],"wp:attachment":[{"href":"https:\/\/imoradadosol.com.br\/blog\/wp-json\/wp\/v2\/media?parent=42"}],"curies":[{"name":"wp","href":"https:\/\/api.w.org\/{rel}","templated":true}]}}